{"id":18957,"date":"2022-03-27T16:01:49","date_gmt":"2022-03-27T15:01:49","guid":{"rendered":"https:\/\/myxbuild.com\/stageone\/organiser-une-demo\/"},"modified":"2024-12-09T13:46:51","modified_gmt":"2024-12-09T12:46:51","slug":"organiser-une-demo","status":"publish","type":"page","link":"https:\/\/myxbuild.com\/fr\/organiser-une-demo\/","title":{"rendered":"Organiser une d\u00e9mo"},"content":{"rendered":"\t\t<div data-elementor-type=\"wp-page\" data-elementor-id=\"18957\" class=\"elementor elementor-18957 elementor-1388\" data-elementor-post-type=\"page\">\n\t\t\t\t<div class=\"elementor-element elementor-element-496b56d4 e-con-full e-flex e-con e-parent\" data-id=\"496b56d4\" data-element_type=\"container\" data-e-type=\"container\" data-settings=\"{&quot;background_background&quot;:&quot;gradient&quot;}\">\n\t\t<div class=\"elementor-element elementor-element-53970d6 e-flex e-con-boxed e-con e-child\" data-id=\"53970d6\" data-element_type=\"container\" data-e-type=\"container\" data-settings=\"{&quot;background_background&quot;:&quot;gradient&quot;}\">\n\t\t\t\t\t<div class=\"e-con-inner\">\n\t\t<div class=\"elementor-element elementor-element-53b4cebb e-con-full e-flex e-con e-child\" data-id=\"53b4cebb\" data-element_type=\"container\" data-e-type=\"container\" data-settings=\"{&quot;background_background&quot;:&quot;classic&quot;,&quot;animation&quot;:&quot;none&quot;}\">\n\t\t<div class=\"elementor-element elementor-element-5dd7dc3 e-flex e-con-boxed e-con e-child\" data-id=\"5dd7dc3\" data-element_type=\"container\" data-e-type=\"container\">\n\t\t\t\t\t<div class=\"e-con-inner\">\n\t\t\t\t<div class=\"elementor-element elementor-element-24bac84 elementor-widget__width-initial elementor-widget elementor-widget-html\" data-id=\"24bac84\" data-element_type=\"widget\" data-e-type=\"widget\" data-settings=\"{&quot;_animation_tablet&quot;:&quot;fadeIn&quot;}\" data-widget_type=\"html.default\">\n\t\t\t\t<div class=\"elementor-widget-container\">\n\t\t\t\t\t<!-- Start of Meetings Embed Script -->\n<div class=\"meetings-iframe-container\" data-src=\"https:\/\/meetings.hubspot.com\/sales1969?embed=true\"><\/div>\n<script type=\"text\/javascript\" src=\"https:\/\/static.hsappstatic.net\/MeetingsEmbed\/ex\/MeetingsEmbedCode.js\"><\/script>\n<!-- End of Meetings Embed Script -->\t\t\t\t<\/div>\n\t\t\t\t<\/div>\n\t\t\t\t\t<\/div>\n\t\t\t\t<\/div>\n\t\t<div class=\"elementor-element elementor-element-c5409b1 e-flex e-con-boxed e-con e-child\" data-id=\"c5409b1\" data-element_type=\"container\" data-e-type=\"container\">\n\t\t\t\t\t<div class=\"e-con-inner\">\n\t\t\t\t<div class=\"elementor-element elementor-element-24b22959 eael-dual-header-content-mobile-align-center elementor-widget-mobile__width-inherit eael-dual-header-content-tablet-align-right eael-dual-header-content-align-left elementor-widget__width-initial elementor-widget elementor-widget-eael-dual-color-header\" data-id=\"24b22959\" data-element_type=\"widget\" data-e-type=\"widget\" data-settings=\"{&quot;_animation&quot;:&quot;none&quot;,&quot;_animation_tablet&quot;:&quot;fadeIn&quot;}\" data-widget_type=\"eael-dual-color-header.default\">\n\t\t\t\t<div class=\"elementor-widget-container\">\n\t\t\t\t\t\t\t\t<div class=\"eael-dual-header\">\n\t\t\t\t\t\t\t\t<h1 class=\"title\"><span class=\"lead solid-color\">D\u00e9mo<\/span> <span>convenir<\/span><\/h1>\t\t\t\t<span class=\"subtext\"><p><strong>Essayer XBuild :<br \/><\/strong>Si vous n'\u00eates pas satisfait, vous ne payez rien<\/p>\n<\/span>\n\t\t\t<\/div>\n\t\t\t\t\t\t<\/div>\n\t\t\t\t<\/div>\n\t\t\t\t<div class=\"elementor-element elementor-element-29994362 elementor-widget__width-initial elementor-widget elementor-widget-text-editor\" data-id=\"29994362\" data-element_type=\"widget\" data-e-type=\"widget\" data-settings=\"{&quot;_animation&quot;:&quot;none&quot;}\" data-widget_type=\"text-editor.default\">\n\t\t\t\t<div class=\"elementor-widget-container\">\n\t\t\t\t\t\t\t\t\t<p>Vous souhaitez une d\u00e9mo <strong>personnelle<\/strong> pour d\u00e9couvrir XBuild en d\u00e9tail et obtenir directement des informations d\u00e9taill\u00e9es ?<\/p>\n\t\t\t\t\t\t\t\t<\/div>\n\t\t\t\t<\/div>\n\t\t\t\t<div class=\"elementor-element elementor-element-0ed9eb3 elementor-widget__width-initial elementor-widget elementor-widget-text-editor\" data-id=\"0ed9eb3\" data-element_type=\"widget\" data-e-type=\"widget\" data-settings=\"{&quot;_animation&quot;:&quot;none&quot;}\" data-widget_type=\"text-editor.default\">\n\t\t\t\t<div class=\"elementor-widget-container\">\n\t\t\t\t\t\t\t\t\t<p>Choisissez simplement la date qui vous convient le mieux pour d\u00e9couvrir XBuild lors d&rsquo;un appel vid\u00e9o dans une atmosph\u00e8re d\u00e9tendue.<\/p>\n\t\t\t\t\t\t\t\t<\/div>\n\t\t\t\t<\/div>\n\t\t\t\t<div class=\"elementor-element elementor-element-512e028 elementor-widget__width-initial elementor-widget elementor-widget-text-editor\" data-id=\"512e028\" data-element_type=\"widget\" data-e-type=\"widget\" data-settings=\"{&quot;_animation&quot;:&quot;none&quot;}\" data-widget_type=\"text-editor.default\">\n\t\t\t\t<div class=\"elementor-widget-container\">\n\t\t\t\t\t\t\t\t\t<p>D\u00e9couvrez comment XBuild d\u00e9veloppe des synergies au niveau des processus dans votre entreprise lors d&rsquo;un entretien avec un expert.<\/p>\n\t\t\t\t\t\t\t\t<\/div>\n\t\t\t\t<\/div>\n\t\t\t\t\t<\/div>\n\t\t\t\t<\/div>\n\t\t\t\t<\/div>\n\t\t\t\t\t<\/div>\n\t\t\t\t<\/div>\n\t\t\t\t<\/div>\n\t\t\t\t<\/div>\n\t\t","protected":false},"excerpt":{"rendered":"<p>D\u00e9mo convenir Essayer XBuild :Si vous n&rsquo;\u00eates pas satisfait, vous ne payez rien Vous souhaitez une d\u00e9mo personnelle pour d\u00e9couvrir XBuild en d\u00e9tail et obtenir directement des informations d\u00e9taill\u00e9es ? Choisissez simplement la date qui vous convient le mieux pour d\u00e9couvrir XBuild lors d&rsquo;un appel vid\u00e9o dans une atmosph\u00e8re d\u00e9tendue. D\u00e9couvrez comment XBuild d\u00e9veloppe des [&hellip;]<\/p>\n","protected":false},"author":8,"featured_media":0,"parent":0,"menu_order":0,"comment_status":"closed","ping_status":"closed","template":"","meta":{"_acf_changed":false,"footnotes":""},"class_list":["post-18957","page","type-page","status-publish","hentry"],"acf":[],"_links":{"self":[{"href":"https:\/\/myxbuild.com\/fr\/wp-json\/wp\/v2\/pages\/18957","targetHints":{"allow":["GET"]}}],"collection":[{"href":"https:\/\/myxbuild.com\/fr\/wp-json\/wp\/v2\/pages"}],"about":[{"href":"https:\/\/myxbuild.com\/fr\/wp-json\/wp\/v2\/types\/page"}],"author":[{"embeddable":true,"href":"https:\/\/myxbuild.com\/fr\/wp-json\/wp\/v2\/users\/8"}],"replies":[{"embeddable":true,"href":"https:\/\/myxbuild.com\/fr\/wp-json\/wp\/v2\/comments?post=18957"}],"version-history":[{"count":2,"href":"https:\/\/myxbuild.com\/fr\/wp-json\/wp\/v2\/pages\/18957\/revisions"}],"predecessor-version":[{"id":18960,"href":"https:\/\/myxbuild.com\/fr\/wp-json\/wp\/v2\/pages\/18957\/revisions\/18960"}],"wp:attachment":[{"href":"https:\/\/myxbuild.com\/fr\/wp-json\/wp\/v2\/media?parent=18957"}],"curies":[{"name":"wp","href":"https:\/\/api.w.org\/{rel}","templated":true}]}}